{"id":2,"date":"2023-10-13T15:30:18","date_gmt":"2023-10-13T15:30:18","guid":{"rendered":"https:\/\/nachobaeza.com\/?page_id=2"},"modified":"2025-12-22T16:16:07","modified_gmt":"2025-12-22T16:16:07","slug":"sample-page","status":"publish","type":"page","link":"https:\/\/nachobaeza.com\/","title":{"rendered":"Inicio"},"content":{"rendered":"\n<div class=\"wp-block-media-text is-stacked-on-mobile\"><figure class=\"wp-block-media-text__media\"><img loading=\"lazy\" decoding=\"async\" width=\"681\" height=\"1024\" src=\"https:\/\/nachobaeza.com\/wp-content\/uploads\/2023\/10\/WhatsApp-Image-2023-09-26-at-01.01.44-1-681x1024.jpeg\" alt=\"\" class=\"wp-image-42 size-full\" srcset=\"https:\/\/nachobaeza.com\/wp-content\/uploads\/2023\/10\/WhatsApp-Image-2023-09-26-at-01.01.44-1-681x1024.jpeg 681w, https:\/\/nachobaeza.com\/wp-content\/uploads\/2023\/10\/WhatsApp-Image-2023-09-26-at-01.01.44-1-200x300.jpeg 200w, https:\/\/nachobaeza.com\/wp-content\/uploads\/2023\/10\/WhatsApp-Image-2023-09-26-at-01.01.44-1-768x1155.jpeg 768w, https:\/\/nachobaeza.com\/wp-content\/uploads\/2023\/10\/WhatsApp-Image-2023-09-26-at-01.01.44-1-1021x1536.jpeg 1021w, https:\/\/nachobaeza.com\/wp-content\/uploads\/2023\/10\/WhatsApp-Image-2023-09-26-at-01.01.44-1.jpeg 1064w\" sizes=\"auto, (max-width: 681px) 100vw, 681px\" \/><\/figure><div class=\"wp-block-media-text__content\">\n<p>Nacho Baeza Garc\u00eda es un compositor y artista sonoro centrado en la exploraci\u00f3n del timbre, la dramaturgia sonora y la interacci\u00f3n interdisciplinar. Formado en la Escola Superior de M\u00fasica de Catalunya (ESMUC), donde estudia composici\u00f3n con Mauricio Sotelo y Jos\u00e9 R\u00edo-Pareja, complementa su formaci\u00f3n con talleres, clases magistrales y cursos de perfeccionamiento en el extranjero, como el <strong>27th Annual Composition and Percussion Workshop Symposium<\/strong> en la Rep\u00fablica Checa, y con su participaci\u00f3n en la <strong>Barcelona International Summer School of Contemporary Music (BASS, 2025)<\/strong>.<\/p>\n\n\n\n<p>Su cat\u00e1logo abarca obras para solistas, m\u00fasica de c\u00e1mara, ensemble, \u00f3pera y proyectos esc\u00e9nicos. Ha sido ganador de la convocatoria <strong>IN.TUNE \u2013 Call for Student-Led Projects<\/strong> (2025\/2026), del concurso <strong>Residir en la Investigaci\u00f3n<\/strong> (2025), finalista en la <strong>XII Gala Talento Joven<\/strong> con <em>Frontera<\/em>, y seleccionado en los festivales ENSEMS y Mixtur.<\/p>\n<\/div><\/div>\n\n\n\n<h2 class=\"wp-block-heading has-text-align-center\">Proyectos destacados<\/h2>\n\n\n\n<ul class=\"wp-block-list\">\n<li><em>Metanoia<\/em> \u2013 \u00d3pera Ballet Contempor\u00e1nea basada en 4 poemas de William Shakespeare.<\/li>\n\n\n\n<li>Ps\u00f3phos Itin\u0115rans \u2013 Proyecto interdisciplinar ganador de la convocatoria <strong><a href=\"https:\/\/intune-alliance.eu\/news\/712-four-student-projects-selected-to-connect-create-and-collaborate-across-borders\">IN.TUNE \u2013 Call for Student-Led Projects: <\/a><em><a href=\"https:\/\/intune-alliance.eu\/news\/712-four-student-projects-selected-to-connect-create-and-collaborate-across-borders\">Connect, Create and Collaborate Across Borders<\/a><\/em><\/strong>, en colaboraci\u00f3n con el Conservatorio Nacional Superior de M\u00fasica y Danza de Par\u00eds (CNSMD) y el Conservatorio Real de La Haya (KCDH) (2025\/2026).<\/li>\n\n\n\n<li>Ra\u00edces y resonancia \u2013 Proyecto interdisciplinar Ganador de la <strong><a href=\"https:\/\/iei.uv.es\/el-grupo-siv-presenta-raices-y-resonancias-en-el-marco-de-la-ii-edicion-del-programa-residir-en-la-investigacion\/\">II Edici\u00f3ndel Concurso \u201cResidir<\/a><a href=\"https:\/\/iei.uv.es\/el-grupo-siv-presenta-raices-y-resonancias-en-el-marco-de-la-ii-edicion-del-programa-residir-en-la-investigacion\/\"><\/a><a href=\"https:\/\/iei.uv.es\/el-grupo-siv-presenta-raices-y-resonancias-en-el-marco-de-la-ii-edicion-del-programa-residir-en-la-investigacion\/\">enla Investigaci\u00f3n. Transferencia del conocimiento<\/a>a trav\u00e9s del arte\u201d<\/strong> (noviembre de 2025).<\/li>\n\n\n\n<li>Frontera \u2013 \u00d3pera de c\u00e1mara finalista en la <strong><a href=\"https:\/\/www.levante-emv.com\/comunitat-valenciana\/2025\/02\/14\/premios-talento-joven-finalistas-cultura-114231010.html\">XII Gala Talento Joven 2024\/2025<\/a><\/strong>, organizada por Levante-EMV y CaixaBank, con su proyecto de \u00f3pera de c\u00e1mara <em>Frontera <\/em>(febrero de 2025).<\/li>\n\n\n\n<li>Trovare \u2013 Obra seleccionada para la participaci\u00f3n en el <strong>Taller de Composici\u00f3ny Experimentaci\u00f3n Sonora<\/strong> del Festival Mixtur (noviembre de 2023).<\/li>\n\n\n\n<li>Silenziare a Tr\u00edo \u2013 Obra ganadora de la convocatoria abierta de la <strong><a href=\"https:\/\/comunica.gva.es\/es\/detalle?id=372651132&amp;site=174338946\">VI Edici\u00f3Taller ENSEMS de Creaci\u00f3Sonora<\/a><\/strong> <a href=\"https:\/\/comunica.gva.es\/es\/detalle?id=372651132&amp;site=174338946\"><\/a>(octubre de 2023).<\/li>\n<\/ul>\n\n\n\n<p><\/p>\n","protected":false},"excerpt":{"rendered":"<p>Nacho Baeza Garc\u00eda es un compositor y artista sonoro centrado en la exploraci\u00f3n del timbre, la dramaturgia sonora y la interacci\u00f3n interdisciplinar. Formado en la Escola Superior de M\u00fasica de<a href=\"https:\/\/nachobaeza.com\/\" class=\"more-link\"><span class=\"readmore\">Seguir leyendo<span class=\"screen-reader-text\">Inicio<\/span><\/span><\/a><\/p>\n","protected":false},"author":1,"featured_media":55,"parent":0,"menu_order":0,"comment_status":"closed","ping_status":"open","template":"","meta":{"footnotes":""},"class_list":["post-2","page","type-page","status-publish","has-post-thumbnail","hentry"],"_links":{"self":[{"href":"https:\/\/nachobaeza.com\/index.php\/wp-json\/wp\/v2\/pages\/2","targetHints":{"allow":["GET"]}}],"collection":[{"href":"https:\/\/nachobaeza.com\/index.php\/wp-json\/wp\/v2\/pages"}],"about":[{"href":"https:\/\/nachobaeza.com\/index.php\/wp-json\/wp\/v2\/types\/page"}],"author":[{"embeddable":true,"href":"https:\/\/nachobaeza.com\/index.php\/wp-json\/wp\/v2\/users\/1"}],"replies":[{"embeddable":true,"href":"https:\/\/nachobaeza.com\/index.php\/wp-json\/wp\/v2\/comments?post=2"}],"version-history":[{"count":12,"href":"https:\/\/nachobaeza.com\/index.php\/wp-json\/wp\/v2\/pages\/2\/revisions"}],"predecessor-version":[{"id":109,"href":"https:\/\/nachobaeza.com\/index.php\/wp-json\/wp\/v2\/pages\/2\/revisions\/109"}],"wp:featuredmedia":[{"embeddable":true,"href":"https:\/\/nachobaeza.com\/index.php\/wp-json\/wp\/v2\/media\/55"}],"wp:attachment":[{"href":"https:\/\/nachobaeza.com\/index.php\/wp-json\/wp\/v2\/media?parent=2"}],"curies":[{"name":"wp","href":"https:\/\/api.w.org\/{rel}","templated":true}]}}